{"id":898,"date":"2015-04-08T13:28:43","date_gmt":"2015-04-08T11:28:43","guid":{"rendered":"http:\/\/asv-brambauer-1920.de\/?page_id=898"},"modified":"2026-03-13T11:04:06","modified_gmt":"2026-03-13T10:04:06","slug":"aktuelles","status":"publish","type":"page","link":"https:\/\/asv-brambauer-1920.de\/","title":{"rendered":"Aktuelles"},"content":{"rendered":"<p><strong>Pflege- und S\u00e4uberungsaktion am Overthunteich<\/strong><\/p>\n<p>Am Samstag, den 14.03.2026, planen wir die S\u00e4uberung und Pflege des Overthunteichs durchzuf\u00fchren.<br \/>Hierzu laden wir alle Vereinsmitglieder herzlich ein, uns tatkr\u00e4ftig zu unterst\u00fctzen.<\/p>\n<p>Treffpunkt ist direkt am Teich ab 12 Uhr.<br \/>Bitte bringt \u2013 sofern vorhanden \u2013 Arbeitshandschuhe, Gummistiefel und geeignetes Werkzeug (Rechen, Schaufel etc.) mit.<\/p>\n<p>Im Anschluss an die Arbeit wird gemeinsam gegrillt.<br \/>Wer am Grillen teilnehmen m\u00f6chte, meldet sich bitte bis zum 12.03 an, damit wir entsprechend planen k\u00f6nnen.(Anmelden bei Dustin Stammler, 0174\/9199726)<\/p>\n<p>Wir freuen uns \u00fcber zahlreiche Helferinnen und Helfer!<\/p>\n<p>Euer Vorstand.<\/p>\n<p>F\u00fcr die <a href=\"https:\/\/asv-brambauer-1920.de\/?page_id=75\" data-type=\"page\" data-id=\"75\">Gemeinschaftsangeln<\/a> meldet Ihr euch bitte vorher bei Dustin Stammler (0174\/9199726) an. Des weiteren wird ein Startgeld von 10\u20ac erhoben. <\/p>\n<p><strong>Das Schonma\u00df f\u00fcr Hecht, an der Stever, wurde auf 60 cm angehoben. Des weiteren ist es verboten w\u00e4hrend der Hechtschonzeit an der Stever mit Kunstk\u00f6der zu angeln.<\/strong> Diese Regelung gilt ab sofort!<\/p>\n<p><a href=\"https:\/\/asv-brambauer-1920.de\/?page_id=3097\">Bestimmungen f\u00fcr die Stever<\/a><\/p>\n<p>Hier die Fangstatistiken:<br \/><a href=\"https:\/\/asv-brambauer-1920.de\/wp-content\/uploads\/2021\/12\/fangstatistik_Kanaele_lippe_ems_druckvorlage_verein_ausfb.pdf\">Kan\u00e4le und Lippe<\/a><br \/><a href=\"https:\/\/asv-brambauer-1920.de\/wp-content\/uploads\/2021\/12\/fangstatistik_seen_druckvorlage_verein_ausfb.pdf\">Seen<\/a><br \/><a href=\"https:\/\/asv-brambauer-1920.de\/wp-content\/uploads\/2020\/11\/Fangstatistik-Stever.pdf\">Stever<\/a><\/p>\n<p><!-- \/wp:paragraph --><!-- wp:paragraph --><\/p>\n<p><!-- \/wp:paragraph --><!-- wp:paragraph --><\/p>\n","protected":false},"excerpt":{"rendered":"<p>Pflege- und S\u00e4uberungsaktion am Overthunteich Am Samstag, den 14.03.2026, planen wir die S\u00e4uberung und Pflege des Overthunteichs durchzuf\u00fchren.Hierzu laden wir alle Vereinsmitglieder herzlich ein, uns tatkr\u00e4ftig zu unterst\u00fctzen. Treffpunkt ist direkt am Teich ab 12 Uhr.Bitte bringt \u2013 sofern vorhanden \u2013 Arbeitshandschuhe, Gummistiefel und geeignetes Werkzeug (Rechen, Schaufel etc.) mit. Im Anschluss an die Arbeit [&hellip;]<\/p>\n","protected":false},"author":1,"featured_media":0,"parent":0,"menu_order":0,"comment_status":"closed","ping_status":"closed","template":"","meta":{"_bbp_topic_count":0,"_bbp_reply_count":0,"_bbp_total_topic_count":0,"_bbp_total_reply_count":0,"_bbp_voice_count":0,"_bbp_anonymous_reply_count":0,"_bbp_topic_count_hidden":0,"_bbp_reply_count_hidden":0,"_bbp_forum_subforum_count":0,"footnotes":""},"_links":{"self":[{"href":"https:\/\/asv-brambauer-1920.de\/index.php?rest_route=\/wp\/v2\/pages\/898"}],"collection":[{"href":"https:\/\/asv-brambauer-1920.de\/index.php?rest_route=\/wp\/v2\/pages"}],"about":[{"href":"https:\/\/asv-brambauer-1920.de\/index.php?rest_route=\/wp\/v2\/types\/page"}],"author":[{"embeddable":true,"href":"https:\/\/asv-brambauer-1920.de\/index.php?rest_route=\/wp\/v2\/users\/1"}],"replies":[{"embeddable":true,"href":"https:\/\/asv-brambauer-1920.de\/index.php?rest_route=%2Fwp%2Fv2%2Fcomments&post=898"}],"version-history":[{"count":289,"href":"https:\/\/asv-brambauer-1920.de\/index.php?rest_route=\/wp\/v2\/pages\/898\/revisions"}],"predecessor-version":[{"id":3251,"href":"https:\/\/asv-brambauer-1920.de\/index.php?rest_route=\/wp\/v2\/pages\/898\/revisions\/3251"}],"wp:attachment":[{"href":"https:\/\/asv-brambauer-1920.de\/index.php?rest_route=%2Fwp%2Fv2%2Fmedia&parent=898"}],"curies":[{"name":"wp","href":"https:\/\/api.w.org\/{rel}","templated":true}]}}