{"id":1286,"date":"2015-08-08T12:52:08","date_gmt":"2015-08-08T10:52:08","guid":{"rendered":"http:\/\/asv-brambauer-1920.de\/?page_id=1286"},"modified":"2025-01-13T09:11:50","modified_gmt":"2025-01-13T08:11:50","slug":"tageskarte-stever","status":"publish","type":"page","link":"https:\/\/asv-brambauer-1920.de\/?page_id=1286","title":{"rendered":"Tageskarte Stever"},"content":{"rendered":"<p>Wie bieten f\u00fcr Angler die nicht im Verein sind Tageskarten f\u00fcr die <a href=\"https:\/\/asv-brambauer-1920.de\/?page_id=218\">Stever<\/a> an.<\/p>\n<p>Die Tageskarte wird an Vereinsmitgliedern ausgegeben, welche einen Gast zum angeln mitnehmen m\u00f6chten.<\/p>\n<p>F\u00fcr Erwachsene kostet die Tageskarte<strong> 5\u20ac<\/strong>.<br \/>\nF\u00fcr Sch\u00fcler, Studenten, Jugendliche <strong>3\u20ac<\/strong>.<br \/>\n(Der Rabatt wird nur mit einem Nachweis gew\u00e4hrt.)<br \/>\nBezahlung in bar oder per EC-Karte beim Gesch\u00e4ftsf\u00fchrer.<\/p>\n<p>Die Tageskarte gilt von 6 Uhr bis zum n\u00e4chsten Tag 6 Uhr.<\/p>\n<p>Folgende <strong>Voraussetzungen <\/strong>sind zu beachten:<br \/>\n<strong>1)<\/strong> Ein begeitendes Vereinsmitglied muss dabei sein.<br \/>\n<strong>2)<\/strong> Beide besitzen einen g\u00fcltigen Fischereischein (der Nachweis ist Pflicht!).<br \/>\n<strong>3)<\/strong> Jugendliche unter 16 Jahren, die ihre Pr\u00fcfung noch nicht abgelegt haben und \u00fcber einen g\u00fcltigen Jugendfischereischein verf\u00fcgen, d\u00fcrfen nur in Begleitung einer Person angeln, die ihre Fischerpr\u00fcfung erfolgreich bestanden hat und einen g\u00fcltigen Fischereischein besitzt.<\/p>\n<p>Die <a href=\"https:\/\/asv-brambauer-1920.de\/?page_id=3097\">Bestimmungen f\u00fcr die Stever<\/a> sind zu beachten, ein Versto\u00df dagegen, kann zum sofortigen Entzug der Tageskarte f\u00fchren. Des weiteren ist f\u00fcr G\u00e4ste, die bei uns am Pachtgew\u00e4sser angeln, die Vereinssatzung bindend.<\/p>\n<p>Auf dem Hof, direkt hinter der Einfahrt, befindet sich eine Rasenfl\u00e4che die als Parkplatz genutzt werden darf. Die Fahrzeuge sind so abzustellen, dass die landwirtschaftlichen Nutzfahrzeuge und der Betrieb auf dem Hof nicht behindert werden. <strong>Das Anfahren der Steverh\u00fctte ist nicht gestattet.<\/strong><br \/>\nWir m\u00f6chten darauf hinweisen, dass laut Vertrag das Zelten, das Befahren der Felder und Weiden, das Zerst\u00f6ren der Uferb\u00f6schungen und das Anlegen von Feuerstellen verboten ist. Hunde m\u00fcssen an die Leine.<\/p>\n<p>Die Tageskarten bekommen Sie hier:<br \/>\n<strong>1. Gesch\u00e4ftsf\u00fchrer: Laura Anft<\/strong><br \/>\n<a href=\"mailto:l.anft@asv-brambauer-1920.de\">l.anft@asv-brambauer-1920.de<\/a><\/p>\n<p>Direkt anschreiben:<br \/>\n<div style=\"display:none\" class=\"fm-form-container fm-theme3\"><div id=\"fm-pages15\" class=\"fm-pages wdform_page_navigation \" show_title=\"false\" show_numbers=\"true\" type=\"none\"><\/div><form name=\"form15\" action=\"\/index.php?rest_route=%2Fwp%2Fv2%2Fpages%2F1286\" method=\"post\" id=\"form15\" class=\"fm-form form15  \" enctype=\"multipart\/form-data\"><input type=\"hidden\" id=\"counter15\" value=\"9\" name=\"counter15\" \/><input type=\"hidden\" id=\"Itemid15\" value=\"\" name=\"Itemid15\" \/><input type=\"text\" class=\"fm-hide\" id=\"fm_bot_validation15\" value=\"\" name=\"fm_bot_validation15\" \/><input type=\"text\" class=\"fm-hide\" id=\"fm_empty_field_validation15\" value=\"\" name=\"fm_empty_field_validation15\" data-value=\"b438ab38642173924de4160a9590ad50\" \/><input type=\"hidden\" id=\"fm_form_nonce15\" name=\"fm_form_nonce15\" value=\"d6d0aa24c0\" \/><input type=\"hidden\" name=\"_wp_http_referer\" value=\"\/index.php?rest_route=%2Fwp%2Fv2%2Fpages%2F1286\" \/><div class=\"wdform-page-and-images\" style=\"display:table; border-top:0px solid black;\"><div id=\"15form_view1\" class=\"wdform_page\" page_title=\"Untitled page\" next_title=\"Next\" next_type=\"text\" next_class=\"wdform-page-button\" next_checkable=\"false\" previous_title=\"Previous\" previous_type=\"text\" previous_class=\"wdform-page-button\" previous_checkable=\"false\"><div class=\"wdform_section\"><div class=\"wdform_column\"><div class=\"wdform_row\" wdid=\"1\"><div type=\"type_name\" class=\"wdform-field wd-width-100 wd-flex wd-flex-row\"><div class=\"wdform-label-section wd-width-30  wd-flex-row\" style=\"max-width: 100px;\">    <label  for=\"wdform_1_element_first15\" class=\"wdform-label\">Name:<\/label><span class=\"wdform-required\">*<\/span><\/div><div class=\"wdform-element-section wd-flex  wd-flex-row wd-width-70\" style=\"max-width: 100px;\"><div class=\"wd-flex wd-flex-column wd-width-50\"><input type=\"text\" class=\"wd-width-100\" id=\"wdform_1_element_first15\" name=\"wdform_1_element_first15\" value=\"\" title=\"\" placeholder=\"\"  \/><label class=\"mini_label\" for=\"wdform_1_element_first15\">Vorname<\/label><\/div><div class=\"wd-flex wd-flex-column wd-name-separator\"><\/div><div class=\"wd-flex wd-flex-column wd-width-50\"><input type=\"text\" class=\"wd-width-100\" id=\"wdform_1_element_last15\" name=\"wdform_1_element_last15\" value=\"\" title=\"\" placeholder=\"\"  \/><label class=\"mini_label\" for=\"wdform_1_element_last15\">Nachname<\/label><\/div><\/div><\/div><\/div><div class=\"wdform_row\" wdid=\"2\"><div type=\"type_submitter_mail\" class=\"wdform-field wd-width-100 wd-flex wd-flex-row\"><div class=\"wdform-label-section wd-width-30  wd-flex-row\" style=\"max-width: 100px;\">    <label  for=\"wdform_2_element15\" class=\"wdform-label\">E-mail:<\/label><span class=\"wdform-required\">*<\/span><\/div><div class=\"wdform-element-section wd-flex  wd-flex-row wd-width-70\" style=\"max-width: 200px;\"><input type=\"text\" class=\"wd-width-100\" id=\"wdform_2_element15\" name=\"wdform_2_element15\" value=\"\" title=\"\" placeholder=\"\"   onchange=\"wd_check_email('2', '15', 'This is not a valid email address.')\" \/><\/div><\/div><\/div><div class=\"wdform_row\" wdid=\"5\"><div type=\"type_text\" class=\"wdform-field wd-width-100 wd-flex wd-flex-row\"><div class=\"wdform-label-section wd-width-30  wd-flex-row wd-align-items-center\" style=\"max-width: 100px;\">    <label  for=\"wdform_5_element15\" class=\"wdform-label\">Betreff:<\/label><span class=\"wdform-required\">*<\/span><\/div><div class=\"wdform-element-section wd-flex  wd-flex-row wd-align-items-center wd-width-70\" style=\"max-width: 200px;\"><input type=\"text\"                           class=\"wd-width-100\"                           id=\"wdform_5_element15\"                           name=\"wdform_5_element15\"                           value=\"\"                           title=\"\"                           placeholder=\"\"                                                       \/><\/div><\/div><\/div><div class=\"wdform_row\" wdid=\"4\"><div type=\"type_textarea\" class=\"wdform-field wd-width-100 wd-flex wd-flex-row\"><div class=\"wdform-label-section wd-width-30 \" style=\"max-width: 100px;\">    <label  for=\"wdform_4_element15\" class=\"wdform-label\">Nachricht<\/label><span class=\"wdform-required\">*<\/span><\/div><div class=\"wdform-element-section wd-flex  wd-width-70\" style=\"max-width: 200px;\"><textarea class=\"wd-width-100\"                      id=\"wdform_4_element15\"                      name=\"wdform_4_element15\"                      placeholder=\"\"                      style=\"height: 100px;\"                      ><\/textarea><\/div><\/div><\/div><div style=\"\" class=\"wdform_row\" wdid=\"6\"><div type=\"type_phone\" class=\"wdform-field wd-width-100 wd-flex wd-flex-row\"><div class=\"wdform-label-section wd-width-30  wd-flex-row\" style=\"max-width: 100px;\">    <label  for=\"wdform_6_element_first15\" class=\"wdform-label\">Telefonnr.:<\/label><\/div><div class=\"wdform-element-section wd-flex  wd-flex-row wd-width-70\" style=\"max-width: 135px;\"><div class=\"wd-flex wd-flex-column wd-width-20\">                <input type=\"text\" class=\"wd-phone-first\" id=\"wdform_6_element_first15\" name=\"wdform_6_element_first15\" value=\"\" title=\"\" placeholder=\"\" >                <label for=\"wdform_6_element_first15\" class=\"mini_label wd-flex-column\">Vorwahl<\/label>              <\/div>              <div>                <div class=\"wd-flex wd-flex-column \">&nbsp;-&nbsp;<\/div>              <\/div>              <div class=\"wd-flex wd-flex-column wd-width-80\">                <input type=\"text\" class=\"wd-flex-column wd-width-100\" id=\"wdform_6_element_last15\" name=\"wdform_6_element_last15\" value=\"\" title=\"\" placeholder=\"\"  \/>                <label for=\"wdform_6_element_last15\" class=\"wd-flex-column mini_label\">Nummer<\/label>              <\/div><\/div><\/div><\/div><div class=\"wdform_row\" wdid=\"3\"><div type=\"type_send_copy\" class=\"wdform-field wd-width-100 wd-flex wd-flex-row\"><div class=\"wdform-element-section wd-flex  checkbox-div wd-flex-row-reverse wd-align-items-center wd-justify-content-right wd-width-70\" style=\"max-width: 300px;\"><input type=\"checkbox\"                             class=\"wd-flex-row\"                             id=\"wdform_3_element15\"                             name=\"wdform_3_element15\"                                                           \/><label class=\"wd-align-items-center wd-flex wd-flex-row-reverse\" for=\"wdform_3_element15\" class=\"wdform-label\"><span><\/span>Eine Kopie an mich.<\/label><\/div><\/div><\/div><div style=\"\" class=\"wdform_row\" wdid=\"7\"><div type=\"type_captcha\" class=\"wdform-field wd-width-100 wd-flex wd-flex-row\"><div class=\"wdform-label-section wd-width-30  wd-flex-row wd-align-items-center\" style=\"max-width: 100px;\">    <label  for=\"wd_captcha_input15\" class=\"wdform-label\">Word Verification:<\/label><\/div><div class=\"wdform-element-section wd-flex  wd-flex-row wd-align-items-center wd-width-70\" ><img decoding=\"async\" type=\"captcha\"                           digit=\"6\"                           src=\" https:\/\/asv-brambauer-1920.de\/wp-admin\/admin-ajax.php?action=formmakerwdcaptcha_fmc&nonce=0a1b79699c&digit=6&i=15\"                           id=\"wd_captcha15\"                           class=\"captcha_img wd-hidden\"                            \/><div class=\"captcha_refresh\" id=\"_element_refresh15\" ><\/div><input type=\"text\"                              class=\"captcha_input\"                              id=\"wd_captcha_input15\"                              name=\"captcha_input\"                              style=\"width: 80px;\"                               \/><\/div><\/div><\/div><div class=\"wdform_row\" wdid=\"8\"><div type=\"type_submit_reset\" class=\"wdform-field wd-width-100 wd-flex wd-flex-column\"><div class=\"wdform-element-section wd-flex  wd-flex-row wd-width-100\" ><button  type=\"button\" class=\"button-submit\" onclick=\"fm_submit_form('15');\"  data-ajax=\"0\"><span class=\"fm-submit-loading spinner fm-ico-spinner\"><\/span>Senden<\/button><button  type=\"button\" class=\"button-reset \" onclick=\"fm_reset_form(15);\" >L\u00f6schen<\/button><\/div><\/div><\/div><\/div><\/div><div valign=\"top\" class=\"wdform_footer\" style=\"width: 100%;\"><div style=\"width: 100%;\"><div style=\"width: 100%; display: table;\"><div style=\"display: table-row-group;\"><div id=\"15page_nav1\" style=\"display: table-row;\"><\/div><\/div><\/div><\/div><\/div><\/div><\/div><div class=\"wdform_preload\"><\/div><\/form><\/div><\/p>\n","protected":false},"excerpt":{"rendered":"<p>Wie bieten f\u00fcr Angler die nicht im Verein sind Tageskarten f\u00fcr die Stever an. Die Tageskarte wird an Vereinsmitgliedern ausgegeben, welche einen Gast zum angeln mitnehmen m\u00f6chten. F\u00fcr Erwachsene kostet die Tageskarte 5\u20ac. F\u00fcr Sch\u00fcler, Studenten, Jugendliche 3\u20ac. (Der Rabatt wird nur mit einem Nachweis gew\u00e4hrt.) Bezahlung in bar oder per EC-Karte beim Gesch\u00e4ftsf\u00fchrer. Die [&hellip;]<\/p>\n","protected":false},"author":1,"featured_media":0,"parent":0,"menu_order":0,"comment_status":"closed","ping_status":"closed","template":"","meta":{"_bbp_topic_count":0,"_bbp_reply_count":0,"_bbp_total_topic_count":0,"_bbp_total_reply_count":0,"_bbp_voice_count":0,"_bbp_anonymous_reply_count":0,"_bbp_topic_count_hidden":0,"_bbp_reply_count_hidden":0,"_bbp_forum_subforum_count":0,"footnotes":""},"_links":{"self":[{"href":"https:\/\/asv-brambauer-1920.de\/index.php?rest_route=\/wp\/v2\/pages\/1286"}],"collection":[{"href":"https:\/\/asv-brambauer-1920.de\/index.php?rest_route=\/wp\/v2\/pages"}],"about":[{"href":"https:\/\/asv-brambauer-1920.de\/index.php?rest_route=\/wp\/v2\/types\/page"}],"author":[{"embeddable":true,"href":"https:\/\/asv-brambauer-1920.de\/index.php?rest_route=\/wp\/v2\/users\/1"}],"replies":[{"embeddable":true,"href":"https:\/\/asv-brambauer-1920.de\/index.php?rest_route=%2Fwp%2Fv2%2Fcomments&post=1286"}],"version-history":[{"count":12,"href":"https:\/\/asv-brambauer-1920.de\/index.php?rest_route=\/wp\/v2\/pages\/1286\/revisions"}],"predecessor-version":[{"id":3229,"href":"https:\/\/asv-brambauer-1920.de\/index.php?rest_route=\/wp\/v2\/pages\/1286\/revisions\/3229"}],"wp:attachment":[{"href":"https:\/\/asv-brambauer-1920.de\/index.php?rest_route=%2Fwp%2Fv2%2Fmedia&parent=1286"}],"curies":[{"name":"wp","href":"https:\/\/api.w.org\/{rel}","templated":true}]}}